{"id":7423,"date":"2021-01-17T13:02:20","date_gmt":"2021-01-17T13:02:20","guid":{"rendered":"https:\/\/test.revgrid.studio\/?post_type=product&#038;p=7423"},"modified":"2021-02-14T19:55:12","modified_gmt":"2021-02-14T19:55:12","slug":"weekly-planner","status":"publish","type":"product","link":"https:\/\/test.revgrid.studio\/en\/product\/weekly-planner\/","title":{"rendered":"Weekly Planner"},"content":{"rendered":"<p>Munken Pure 90gr.<\/p>\n<p>52 Folhas 32x45cm<\/p>\n<p>Glued on Top<\/p>","protected":false},"excerpt":{"rendered":"<p>Planner Semanal 32x45cm, ideal para uso na sua secret\u00e1ria com utiliza\u00e7\u00e3o at\u00e9 2025<\/p>","protected":false},"featured_media":7425,"comment_status":"open","ping_status":"closed","template":"","meta":{"_acf_changed":false},"product_brand":[],"product_cat":[378,381],"product_tag":[],"class_list":{"0":"post-7423","1":"product","2":"type-product","3":"status-publish","4":"has-post-thumbnail","6":"product_cat-novidades","7":"product_cat-planner","8":"product_shipping_class-envio-por-peso","10":"first","11":"instock","12":"taxable","13":"shipping-taxable","14":"purchasable","15":"product-type-simple"},"acf":[],"_links":{"self":[{"href":"https:\/\/test.revgrid.studio\/en\/wp-json\/wp\/v2\/product\/7423","targetHints":{"allow":["GET"]}}],"collection":[{"href":"https:\/\/test.revgrid.studio\/en\/wp-json\/wp\/v2\/product"}],"about":[{"href":"https:\/\/test.revgrid.studio\/en\/wp-json\/wp\/v2\/types\/product"}],"replies":[{"embeddable":true,"href":"https:\/\/test.revgrid.studio\/en\/wp-json\/wp\/v2\/comments?post=7423"}],"wp:featuredmedia":[{"embeddable":true,"href":"https:\/\/test.revgrid.studio\/en\/wp-json\/wp\/v2\/media\/7425"}],"wp:attachment":[{"href":"https:\/\/test.revgrid.studio\/en\/wp-json\/wp\/v2\/media?parent=7423"}],"wp:term":[{"taxonomy":"product_brand","embeddable":true,"href":"https:\/\/test.revgrid.studio\/en\/wp-json\/wp\/v2\/product_brand?post=7423"},{"taxonomy":"product_cat","embeddable":true,"href":"https:\/\/test.revgrid.studio\/en\/wp-json\/wp\/v2\/product_cat?post=7423"},{"taxonomy":"product_tag","embeddable":true,"href":"https:\/\/test.revgrid.studio\/en\/wp-json\/wp\/v2\/product_tag?post=7423"}],"curies":[{"name":"wp","href":"https:\/\/api.w.org\/{rel}","templated":true}]}}